{"id":2,"date":"2026-05-07T11:38:08","date_gmt":"2026-05-07T11:38:08","guid":{"rendered":"https:\/\/www.raizemind.com\/?page_id=2"},"modified":"2026-05-12T10:37:49","modified_gmt":"2026-05-12T10:37:49","slug":"sample-page","status":"publish","type":"page","link":"https:\/\/www.raizemind.com\/","title":{"rendered":"Die n\u00e4chste Generation von Online-Games f\u00fcr Kinder"},"content":{"rendered":"\n<figure class=\"wp-block-image size-large\"><img loading=\"lazy\" decoding=\"async\" width=\"1024\" height=\"213\" src=\"https:\/\/www.raizemind.com\/wp-content\/uploads\/2026\/05\/Rainforest_Erste-Farben-1-1024x213.jpg\" alt=\"\" class=\"wp-image-9\" srcset=\"https:\/\/www.raizemind.com\/wp-content\/uploads\/2026\/05\/Rainforest_Erste-Farben-1-1024x213.jpg 1024w, https:\/\/www.raizemind.com\/wp-content\/uploads\/2026\/05\/Rainforest_Erste-Farben-1-300x63.jpg 300w, https:\/\/www.raizemind.com\/wp-content\/uploads\/2026\/05\/Rainforest_Erste-Farben-1-768x160.jpg 768w, https:\/\/www.raizemind.com\/wp-content\/uploads\/2026\/05\/Rainforest_Erste-Farben-1-1536x320.jpg 1536w, https:\/\/www.raizemind.com\/wp-content\/uploads\/2026\/05\/Rainforest_Erste-Farben-1-2048x427.jpg 2048w\" sizes=\"auto, (max-width: 1024px) 100vw, 1024px\" \/><\/figure>\n\n\n\n<p>Wir entwickeln die n\u00e4chste Generation von Online Games f\u00fcr Kinder \u2013 voller Fantasie, Abenteuer und kreativer M\u00f6glichkeiten. Unser Ziel ist es, digitale Spielerlebnisse zu erschaffen, die nicht nur Spa\u00df machen, sondern Kinder inspirieren, entdecken und gemeinsam wachsen lassen.<\/p>\n\n\n\n<figure class=\"wp-block-image aligncenter size-large is-resized\"><img loading=\"lazy\" decoding=\"async\" width=\"920\" height=\"1024\" src=\"https:\/\/www.raizemind.com\/wp-content\/uploads\/2026\/05\/CHarakters-920x1024.png\" alt=\"\" class=\"wp-image-20\" style=\"aspect-ratio:0.8984436689676253;width:314px;height:auto\" srcset=\"https:\/\/www.raizemind.com\/wp-content\/uploads\/2026\/05\/CHarakters-920x1024.png 920w, https:\/\/www.raizemind.com\/wp-content\/uploads\/2026\/05\/CHarakters-270x300.png 270w, https:\/\/www.raizemind.com\/wp-content\/uploads\/2026\/05\/CHarakters-768x855.png 768w, https:\/\/www.raizemind.com\/wp-content\/uploads\/2026\/05\/CHarakters.png 1098w\" sizes=\"auto, (max-width: 920px) 100vw, 920px\" \/><\/figure>\n\n\n\n<p>Noch arbeiten wir hinter den Kulissen an unseren ersten Welten, Charakteren und Ideen. Deshalb gibt es heute noch nichts zu zeigen \u2013 aber jeden Tag entstehen neue Konzepte, Geschichten und Technologien, die das Online-Gaming f\u00fcr Kinder neu denken.<\/p>\n\n\n\n<p>Sicher, kreativ und mit viel Liebe zum Detail: Wir bauen Erlebnisse, die Kinder begeistern und Eltern ein gutes Gef\u00fchl geben.<\/p>\n\n\n\n<p>Die Reise hat gerade erst begonnen. <\/p>\n\n\n\n<p><\/p>\n","protected":false},"excerpt":{"rendered":"<p>Wir entwickeln die n\u00e4chste Generation von Online Games f\u00fcr Kinder \u2013 voller Fantasie, Abenteuer und kreativer M\u00f6glichkeiten. Unser Ziel ist es, digitale Spielerlebnisse zu erschaffen, die nicht nur Spa\u00df machen, sondern Kinder inspirieren, entdecken und gemeinsam wachsen lassen. Noch arbeiten wir hinter den Kulissen an unseren ersten Welten, Charakteren und Ideen. Deshalb gibt es heute [&hellip;]<\/p>\n","protected":false},"author":1,"featured_media":19,"parent":0,"menu_order":0,"comment_status":"closed","ping_status":"open","template":"","meta":{"footnotes":""},"class_list":["post-2","page","type-page","status-publish","has-post-thumbnail","hentry"],"yoast_head":"<!-- This site is optimized with the Yoast SEO plugin v27.6 - https:\/\/yoast.com\/product\/yoast-seo-wordpress\/ -->\n<title>Die n\u00e4chste Generation von Online-Games f\u00fcr Kinder - RaizeMind AG<\/title>\n<meta name=\"robots\" content=\"index, follow, max-snippet:-1, max-image-preview:large, max-video-preview:-1\" \/>\n<link rel=\"canonical\" href=\"https:\/\/www.raizemind.com\/\" \/>\n<meta property=\"og:locale\" content=\"de_DE\" \/>\n<meta property=\"og:type\" content=\"article\" \/>\n<meta property=\"og:title\" content=\"Die n\u00e4chste Generation von Online-Games f\u00fcr Kinder - RaizeMind AG\" \/>\n<meta property=\"og:description\" content=\"Wir entwickeln die n\u00e4chste Generation von Online Games f\u00fcr Kinder \u2013 voller Fantasie, Abenteuer und kreativer M\u00f6glichkeiten. Unser Ziel ist es, digitale Spielerlebnisse zu erschaffen, die nicht nur Spa\u00df machen, sondern Kinder inspirieren, entdecken und gemeinsam wachsen lassen. Noch arbeiten wir hinter den Kulissen an unseren ersten Welten, Charakteren und Ideen. Deshalb gibt es heute [&hellip;]\" \/>\n<meta property=\"og:url\" content=\"https:\/\/www.raizemind.com\/\" \/>\n<meta property=\"og:site_name\" content=\"RaizeMind AG\" \/>\n<meta property=\"article:modified_time\" content=\"2026-05-12T10:37:49+00:00\" \/>\n<meta property=\"og:image\" content=\"https:\/\/www.raizemind.com\/wp-content\/uploads\/2026\/05\/Rainforest_Erste-Farben-2-scaled.jpg\" \/>\n\t<meta property=\"og:image:width\" content=\"2560\" \/>\n\t<meta property=\"og:image:height\" content=\"534\" \/>\n\t<meta property=\"og:image:type\" content=\"image\/jpeg\" \/>\n<meta name=\"twitter:card\" content=\"summary_large_image\" \/>\n<meta name=\"twitter:label1\" content=\"Gesch\u00e4tzte Lesezeit\" \/>\n\t<meta name=\"twitter:data1\" content=\"2\u00a0Minuten\" \/>\n<script type=\"application\/ld+json\" class=\"yoast-schema-graph\">{\"@context\":\"https:\\\/\\\/schema.org\",\"@graph\":[{\"@type\":\"WebPage\",\"@id\":\"https:\\\/\\\/www.raizemind.com\\\/\",\"url\":\"https:\\\/\\\/www.raizemind.com\\\/\",\"name\":\"Die n\u00e4chste Generation von Online-Games f\u00fcr Kinder - RaizeMind AG\",\"isPartOf\":{\"@id\":\"https:\\\/\\\/www.raizemind.com\\\/#website\"},\"primaryImageOfPage\":{\"@id\":\"https:\\\/\\\/www.raizemind.com\\\/#primaryimage\"},\"image\":{\"@id\":\"https:\\\/\\\/www.raizemind.com\\\/#primaryimage\"},\"thumbnailUrl\":\"https:\\\/\\\/www.raizemind.com\\\/wp-content\\\/uploads\\\/2026\\\/05\\\/Rainforest_Erste-Farben-2-scaled.jpg\",\"datePublished\":\"2026-05-07T11:38:08+00:00\",\"dateModified\":\"2026-05-12T10:37:49+00:00\",\"breadcrumb\":{\"@id\":\"https:\\\/\\\/www.raizemind.com\\\/#breadcrumb\"},\"inLanguage\":\"de\",\"potentialAction\":[{\"@type\":\"ReadAction\",\"target\":[\"https:\\\/\\\/www.raizemind.com\\\/\"]}]},{\"@type\":\"ImageObject\",\"inLanguage\":\"de\",\"@id\":\"https:\\\/\\\/www.raizemind.com\\\/#primaryimage\",\"url\":\"https:\\\/\\\/www.raizemind.com\\\/wp-content\\\/uploads\\\/2026\\\/05\\\/Rainforest_Erste-Farben-2-scaled.jpg\",\"contentUrl\":\"https:\\\/\\\/www.raizemind.com\\\/wp-content\\\/uploads\\\/2026\\\/05\\\/Rainforest_Erste-Farben-2-scaled.jpg\",\"width\":2560,\"height\":534},{\"@type\":\"BreadcrumbList\",\"@id\":\"https:\\\/\\\/www.raizemind.com\\\/#breadcrumb\",\"itemListElement\":[{\"@type\":\"ListItem\",\"position\":1,\"name\":\"Start\",\"item\":\"https:\\\/\\\/www.raizemind.com\\\/\"},{\"@type\":\"ListItem\",\"position\":2,\"name\":\"Die n\u00e4chste Generation von Online-Games f\u00fcr Kinder\"}]},{\"@type\":\"WebSite\",\"@id\":\"https:\\\/\\\/www.raizemind.com\\\/#website\",\"url\":\"https:\\\/\\\/www.raizemind.com\\\/\",\"name\":\"RaizeMind AG\",\"description\":\"Im Herrenholz 41. 8122 Binz\",\"potentialAction\":[{\"@type\":\"SearchAction\",\"target\":{\"@type\":\"EntryPoint\",\"urlTemplate\":\"https:\\\/\\\/www.raizemind.com\\\/?s={search_term_string}\"},\"query-input\":{\"@type\":\"PropertyValueSpecification\",\"valueRequired\":true,\"valueName\":\"search_term_string\"}}],\"inLanguage\":\"de\"}]}<\/script>\n<!-- \/ Yoast SEO plugin. -->","yoast_head_json":{"title":"Die n\u00e4chste Generation von Online-Games f\u00fcr Kinder - RaizeMind AG","robots":{"index":"index","follow":"follow","max-snippet":"max-snippet:-1","max-image-preview":"max-image-preview:large","max-video-preview":"max-video-preview:-1"},"canonical":"https:\/\/www.raizemind.com\/","og_locale":"de_DE","og_type":"article","og_title":"Die n\u00e4chste Generation von Online-Games f\u00fcr Kinder - RaizeMind AG","og_description":"Wir entwickeln die n\u00e4chste Generation von Online Games f\u00fcr Kinder \u2013 voller Fantasie, Abenteuer und kreativer M\u00f6glichkeiten. Unser Ziel ist es, digitale Spielerlebnisse zu erschaffen, die nicht nur Spa\u00df machen, sondern Kinder inspirieren, entdecken und gemeinsam wachsen lassen. Noch arbeiten wir hinter den Kulissen an unseren ersten Welten, Charakteren und Ideen. Deshalb gibt es heute [&hellip;]","og_url":"https:\/\/www.raizemind.com\/","og_site_name":"RaizeMind AG","article_modified_time":"2026-05-12T10:37:49+00:00","og_image":[{"width":2560,"height":534,"url":"https:\/\/www.raizemind.com\/wp-content\/uploads\/2026\/05\/Rainforest_Erste-Farben-2-scaled.jpg","type":"image\/jpeg"}],"twitter_card":"summary_large_image","twitter_misc":{"Gesch\u00e4tzte Lesezeit":"2\u00a0Minuten"},"schema":{"@context":"https:\/\/schema.org","@graph":[{"@type":"WebPage","@id":"https:\/\/www.raizemind.com\/","url":"https:\/\/www.raizemind.com\/","name":"Die n\u00e4chste Generation von Online-Games f\u00fcr Kinder - RaizeMind AG","isPartOf":{"@id":"https:\/\/www.raizemind.com\/#website"},"primaryImageOfPage":{"@id":"https:\/\/www.raizemind.com\/#primaryimage"},"image":{"@id":"https:\/\/www.raizemind.com\/#primaryimage"},"thumbnailUrl":"https:\/\/www.raizemind.com\/wp-content\/uploads\/2026\/05\/Rainforest_Erste-Farben-2-scaled.jpg","datePublished":"2026-05-07T11:38:08+00:00","dateModified":"2026-05-12T10:37:49+00:00","breadcrumb":{"@id":"https:\/\/www.raizemind.com\/#breadcrumb"},"inLanguage":"de","potentialAction":[{"@type":"ReadAction","target":["https:\/\/www.raizemind.com\/"]}]},{"@type":"ImageObject","inLanguage":"de","@id":"https:\/\/www.raizemind.com\/#primaryimage","url":"https:\/\/www.raizemind.com\/wp-content\/uploads\/2026\/05\/Rainforest_Erste-Farben-2-scaled.jpg","contentUrl":"https:\/\/www.raizemind.com\/wp-content\/uploads\/2026\/05\/Rainforest_Erste-Farben-2-scaled.jpg","width":2560,"height":534},{"@type":"BreadcrumbList","@id":"https:\/\/www.raizemind.com\/#breadcrumb","itemListElement":[{"@type":"ListItem","position":1,"name":"Start","item":"https:\/\/www.raizemind.com\/"},{"@type":"ListItem","position":2,"name":"Die n\u00e4chste Generation von Online-Games f\u00fcr Kinder"}]},{"@type":"WebSite","@id":"https:\/\/www.raizemind.com\/#website","url":"https:\/\/www.raizemind.com\/","name":"RaizeMind AG","description":"Im Herrenholz 41. 8122 Binz","potentialAction":[{"@type":"SearchAction","target":{"@type":"EntryPoint","urlTemplate":"https:\/\/www.raizemind.com\/?s={search_term_string}"},"query-input":{"@type":"PropertyValueSpecification","valueRequired":true,"valueName":"search_term_string"}}],"inLanguage":"de"}]}},"_links":{"self":[{"href":"https:\/\/www.raizemind.com\/index.php?rest_route=\/wp\/v2\/pages\/2","targetHints":{"allow":["GET"]}}],"collection":[{"href":"https:\/\/www.raizemind.com\/index.php?rest_route=\/wp\/v2\/pages"}],"about":[{"href":"https:\/\/www.raizemind.com\/index.php?rest_route=\/wp\/v2\/types\/page"}],"author":[{"embeddable":true,"href":"https:\/\/www.raizemind.com\/index.php?rest_route=\/wp\/v2\/users\/1"}],"replies":[{"embeddable":true,"href":"https:\/\/www.raizemind.com\/index.php?rest_route=%2Fwp%2Fv2%2Fcomments&post=2"}],"version-history":[{"count":1,"href":"https:\/\/www.raizemind.com\/index.php?rest_route=\/wp\/v2\/pages\/2\/revisions"}],"predecessor-version":[{"id":21,"href":"https:\/\/www.raizemind.com\/index.php?rest_route=\/wp\/v2\/pages\/2\/revisions\/21"}],"wp:featuredmedia":[{"embeddable":true,"href":"https:\/\/www.raizemind.com\/index.php?rest_route=\/wp\/v2\/media\/19"}],"wp:attachment":[{"href":"https:\/\/www.raizemind.com\/index.php?rest_route=%2Fwp%2Fv2%2Fmedia&parent=2"}],"curies":[{"name":"wp","href":"https:\/\/api.w.org\/{rel}","templated":true}]}}